{"id":4560,"date":"2024-04-15T09:48:20","date_gmt":"2024-04-15T07:48:20","guid":{"rendered":"https:\/\/cuevalosamayas.com\/allgemeine-geschaeftsbedingungen"},"modified":"2025-08-15T11:46:33","modified_gmt":"2025-08-15T09:46:33","slug":"allgemeine-geschaeftsbedingungen","status":"publish","type":"page","link":"https:\/\/cuevalosamayas.com\/de\/allgemeine-geschaeftsbedingungen","title":{"rendered":"Allgemeine Gesch\u00e4ftsbedingungen"},"content":{"rendered":"\t\t<div data-elementor-type=\"wp-page\" data-elementor-id=\"4560\" class=\"elementor elementor-4560 elementor-583\" data-elementor-post-type=\"page\">\n\t\t\t\t<div class=\"elementor-element elementor-element-13889713 e-con-full e-flex e-con e-parent\" data-id=\"13889713\" data-element_type=\"container\" data-e-type=\"container\">\n\t\t\t\t<div class=\"elementor-element elementor-element-eb326d8 elementor-widget elementor-widget-heading\" data-id=\"eb326d8\" data-element_type=\"widget\" data-e-type=\"widget\" data-widget_type=\"heading.default\">\n\t\t\t\t<div class=\"elementor-widget-container\">\n\t\t\t\t\t<h1 class=\"elementor-heading-title elementor-size-default\">Allgemeine Gesch\u00e4ftsbedingungen<\/h1>\t\t\t\t<\/div>\n\t\t\t\t<\/div>\n\t\t\t\t<div class=\"elementor-element elementor-element-dd07455 elementor-widget elementor-widget-text-editor\" data-id=\"dd07455\" data-element_type=\"widget\" data-e-type=\"widget\" data-widget_type=\"text-editor.default\">\n\t\t\t\t<div class=\"elementor-widget-container\">\n\t\t\t\t\t\t\t\t\t<p><i>Die Allgemeinen Gesch\u00e4ftsbedingungen wurden zuletzt am 04. August 2025 aktualisiert.<\/i><\/p><h2>1. Einf\u00fchrung<\/h2><p>Diese Allgemeinen Gesch\u00e4ftsbedingungen gelten f\u00fcr diese Website und f\u00fcr Transaktionen im Zusammenhang mit unseren Produkten und Dienstleistungen. M\u00f6glicherweise sind Sie durch zus\u00e4tzliche Vertr\u00e4ge im Zusammenhang mit Ihrer Beziehung zu uns oder mit Produkten oder Dienstleistungen, die Sie von uns erhalten, gebunden. Wenn eine Bestimmung der zus\u00e4tzlichen Vertr\u00e4ge mit einer Bestimmung dieser Bedingungen in Konflikt steht, haben die Bestimmungen dieser zus\u00e4tzlichen Vertr\u00e4ge Vorrang.  <\/p><h2>2. Bindung<\/h2><p>Durch die Registrierung auf dieser Website, den Zugriff auf sie oder die anderweitige Nutzung erkl\u00e4ren Sie sich damit einverstanden, an die unten aufgef\u00fchrten Bedingungen gebunden zu sein. Die blo\u00dfe Nutzung dieser Website setzt die Kenntnis und Akzeptanz dieser Allgemeinen Gesch\u00e4ftsbedingungen voraus. In bestimmten F\u00e4llen k\u00f6nnen wir Sie auch bitten, diese ausdr\u00fccklich zu akzeptieren.  <\/p><h2>3. Elektronische Kommunikation<\/h2><p>Durch die Nutzung dieser Website oder die Kommunikation mit uns auf elektronischem Wege stimmen Sie zu und erkennen an, dass wir elektronisch mit Ihnen auf unserer Website kommunizieren oder Ihnen eine E-Mail senden k\u00f6nnen, und Sie stimmen zu, dass alle Vereinbarungen, Mitteilungen, Offenlegungen und andere Mitteilungen, die wir Ihnen elektronisch zukommen lassen, alle gesetzlichen Anforderungen erf\u00fcllen, einschlie\u00dflich, aber nicht beschr\u00e4nkt auf die Anforderung, dass diese Mitteilungen schriftlich erfolgen.<\/p><h2>4. Geistiges Eigentum<\/h2><p>Wir oder unsere Lizenzgeber besitzen und kontrollieren alle Urheberrechte und andere Rechte an geistigem Eigentum an der Website sowie die Daten, Informationen und andere Ressourcen, die auf der Website angezeigt werden oder innerhalb der Website zug\u00e4nglich sind.<\/p><p class=\"cmplz-subtitle\">4.1 Alle Rechte vorbehalten<\/p><p>Sofern der spezifische Inhalt nichts anderes angibt, wird Ihnen keine Lizenz oder ein anderes Recht im Rahmen von Urheberrechten, Marken, Patenten oder anderen Rechten an geistigem Eigentum gew\u00e4hrt. Das bedeutet, dass Sie ohne unsere vorherige schriftliche Genehmigung keine Ressourcen dieser Website in irgendeiner Form nutzen, kopieren, reproduzieren, ausf\u00fchren, anzeigen, verteilen, in elektronische Medien einbetten, ver\u00e4ndern, zur\u00fcckentwickeln, dekompilieren, \u00fcbertragen, herunterladen, \u00fcbermitteln, zu Geld machen, verkaufen, vermarkten oder anderweitig verwenden d\u00fcrfen, es sei denn und nur in dem Umfang, in dem dies in zwingenden Rechtsnormen (wie dem Zitatrecht) anders bestimmt ist. <\/p><h2>5. Eigentum Dritter<\/h2><p>Unsere Website kann Hyperlinks oder andere Verweise auf Websites Dritter enthalten. Wir kontrollieren oder \u00fcberpr\u00fcfen nicht den Inhalt von Websites Dritter, auf die von dieser Website aus zugegriffen wird. Die von anderen Websites angebotenen Produkte oder Dienstleistungen unterliegen den geltenden Allgemeinen Gesch\u00e4ftsbedingungen dieser Dritten. Die auf diesen Websites ge\u00e4u\u00dferten Meinungen oder das dort gezeigte Material werden nicht notwendigerweise von uns geteilt oder unterst\u00fctzt.   <\/p><p>Wir sind nicht verantwortlich f\u00fcr die Datenschutzpraktiken oder den Inhalt dieser Websites. Sie \u00fcbernehmen alle Risiken, die mit der Nutzung dieser Websites und aller damit verbundenen Dienstleistungen Dritter verbunden sind. Wir \u00fcbernehmen keine Haftung f\u00fcr Verluste oder Sch\u00e4den, welcher Art auch immer, die sich aus der Weitergabe pers\u00f6nlicher Daten an Dritte durch Sie ergeben.  <\/p><h2>6. Verantwortungsbewusste Nutzung<\/h2><p>Durch den Besuch unserer Website verpflichten Sie sich, diese nur f\u00fcr die vorgesehenen Zwecke und in \u00dcbereinstimmung mit diesen Bedingungen, allen zus\u00e4tzlichen Vereinbarungen mit uns und den geltenden Gesetzen, Vorschriften und allgemein anerkannten Online-Praktiken und Branchenrichtlinien zu nutzen. Sie d\u00fcrfen unsere Website oder unsere Dienstleistungen nicht dazu verwenden, Material zu verwenden, zu ver\u00f6ffentlichen oder zu verbreiten, das aus b\u00f6sartiger Computersoftware besteht (oder mit ihr in Verbindung steht); die auf unserer Website gesammelten Daten f\u00fcr Direktmarketingaktivit\u00e4ten zu verwenden oder systematische oder automatisierte Datenerfassungsaktivit\u00e4ten auf oder in Bezug auf unsere Website durchzuf\u00fchren. <\/p><p>Es ist strengstens untersagt, Aktivit\u00e4ten durchzuf\u00fchren, die Sch\u00e4den an der Website verursachen oder verursachen k\u00f6nnten oder die ihren Betrieb, ihre Verf\u00fcgbarkeit oder ihre Zug\u00e4nglichkeit beeintr\u00e4chtigen.<\/p><h2>7. Richtlinie f\u00fcr R\u00fcckgabe und R\u00fcckerstattung<\/h2><p class=\"cmplz-subtitle\">7.1 Widerrufsrecht<\/p><p>Sie haben das Recht, den Vertrag innerhalb von 14 Tagen ohne Angabe von Gr\u00fcnden zu widerrufen.<\/p><p>Die Widerrufsfrist betr\u00e4gt 14 Tage ab dem Tag des Vertragsabschlusses.<\/p><p>Um das Widerrufsrecht auszu\u00fcben, m\u00fcssen Sie uns \u00fcber Ihre Entscheidung, diesen Vertrag zu widerrufen, durch eine eindeutige Erkl\u00e4rung (z. B. ein mit der Post versandter Brief, ein Fax oder eine E-Mail) informieren. Unsere Kontaktdaten finden Sie unten. Sie k\u00f6nnen das beigef\u00fcgte Muster des <a href=\"https:\/\/cuevalosamayas.com\/wp-content\/uploads\/complianz\/withdrawal-forms\/withdrawal-form-es.pdf\" target=\"_blank\" rel=\"noopener\">Widerrufsformulars<\/a> verwenden, dies ist jedoch nicht obligatorisch.  <\/p><p>Wenn Sie diese M\u00f6glichkeit nutzen, werden wir Ihnen unverz\u00fcglich eine Empfangsbest\u00e4tigung f\u00fcr einen solchen Widerruf auf einem dauerhaften Datentr\u00e4ger (z. B. per E-Mail) zukommen lassen.<\/p><p>Zur Wahrung der Widerrufsfrist reicht es aus, wenn Sie die Mitteilung \u00fcber die Aus\u00fcbung des Widerrufsrechts vor Ablauf der Widerrufsfrist absenden.<\/p><p class=\"cmplz-subtitle\">7.2 Folgen des Widerrufs<\/p><p>Wenn Sie den Vertrag widerrufen, erstatten wir Ihnen alle Zahlungen, die wir von Ihnen erhalten haben, einschlie\u00dflich der Lieferkosten (mit Ausnahme der zus\u00e4tzlichen Kosten, die sich daraus ergeben, dass Sie eine andere Art der Lieferung als die von uns angebotene, g\u00fcnstigste Standardlieferung gew\u00e4hlt haben), unverz\u00fcglich und in jedem Fall sp\u00e4testens 14 Tage ab dem Tag, an dem wir \u00fcber Ihre Entscheidung, den Vertrag zu widerrufen, informiert wurden. Wir werden diese R\u00fcckzahlung mit demselben Zahlungsmittel vornehmen, das Sie bei der urspr\u00fcnglichen Transaktion eingesetzt haben, es sei denn, mit Ihnen wurde ausdr\u00fccklich etwas anderes vereinbart; in jedem Fall entstehen Ihnen durch diese R\u00fcckzahlung keine Entgelte. <\/p><p>Wenn Sie verlangt haben, dass die Ausf\u00fchrung der Dienstleistungen w\u00e4hrend der Widerrufsfrist beginnt, haben Sie uns einen Betrag zu zahlen, der dem Anteil der bis zu dem Zeitpunkt, zu dem Sie uns von der Aus\u00fcbung des Widerrufsrechts hinsichtlich dieses Vertrags unterrichten, erbrachten Dienstleistungen im Vergleich zum Gesamtumfang des Vertrags entspricht.<\/p><p>Bitte beachten Sie, dass es einige gesetzliche Ausnahmen vom Widerrufsrecht gibt und daher einige Artikel nicht zur\u00fcckgegeben oder umgetauscht werden k\u00f6nnen. Wir werden Sie informieren, wenn dies auf Ihren speziellen Fall zutrifft. <\/p><h2>8. Einsendung von Ideen<\/h2><p>Senden Sie keine Ideen, Erfindungen, Urheberrechtsarbeiten oder andere Informationen, die als Ihr eigenes geistiges Eigentum betrachtet werden k\u00f6nnten und die Sie uns gerne vorstellen m\u00f6chten, es sei denn, wir haben zuvor eine Vereinbarung in Bezug auf das geistige Eigentum oder eine Geheimhaltungsvereinbarung unterzeichnet. Wenn Sie uns dies in Ermangelung einer solchen schriftlichen Vereinbarung mitteilen, gew\u00e4hren Sie uns eine weltweite, unwiderrufliche, nicht-exklusive und geb\u00fchrenfreie Lizenz zur Nutzung, Vervielf\u00e4ltigung, Speicherung, Anpassung, Ver\u00f6ffentlichung, \u00dcbersetzung und Verbreitung Ihrer Inhalte in allen bestehenden oder zuk\u00fcnftigen Medien. <\/p><h2>9. Beendigung der Nutzung<\/h2><p>Wir k\u00f6nnen nach eigenem Ermessen den Zugriff auf die Website oder einen Dienst derselben jederzeit vor\u00fcbergehend oder dauerhaft \u00e4ndern oder einstellen. Sie erkl\u00e4ren sich damit einverstanden, dass wir Ihnen oder Dritten gegen\u00fcber nicht f\u00fcr \u00c4nderungen, Aussetzungen oder Unterbrechungen Ihres Zugriffs auf die Website oder deren Nutzung oder f\u00fcr Inhalte, die Sie m\u00f6glicherweise auf der Website geteilt haben, haftbar sind. Sie haben keinen Anspruch auf Entsch\u00e4digung oder eine andere Zahlung, auch wenn bestimmte Funktionen, Einstellungen und\/oder Inhalte, zu denen Sie beigetragen haben oder auf die Sie sich verlassen haben, dauerhaft verloren gehen. Sie d\u00fcrfen keine Ma\u00dfnahmen zur Zugriffsbeschr\u00e4nkung auf unserer Website umgehen oder vermeiden oder versuchen, diese zu umgehen oder zu vermeiden.   <\/p><h2>10. Garantien und Haftung<\/h2><p>Nichts in diesem Abschnitt beschr\u00e4nkt oder schlie\u00dft eine gesetzlich implizierte Garantie aus, deren Beschr\u00e4nkung oder Ausschluss rechtswidrig w\u00e4re. Diese Website und alle ihre Inhalte werden \u201eso wie sie sind\u201c und \u201ewie verf\u00fcgbar\u201c bereitgestellt und k\u00f6nnen Ungenauigkeiten oder Tippfehler enthalten. Wir lehnen ausdr\u00fccklich alle Garantien jeglicher Art ab, ob ausdr\u00fccklich oder stillschweigend, in Bezug auf die Verf\u00fcgbarkeit, Genauigkeit oder Vollst\u00e4ndigkeit des Inhalts. Wir garantieren nicht, dass:   <\/p><ul><li>diese Website oder unsere Produkte oder Dienstleistungen Ihren Anforderungen entsprechen;<\/li><li>diese Website ununterbrochen, rechtzeitig, sicher oder fehlerfrei verf\u00fcgbar ist;<\/li><li>die Qualit\u00e4t von Produkten oder Dienstleistungen, die Sie \u00fcber diese Website erwerben oder erhalten, Ihren Erwartungen entspricht.<\/li><\/ul><p>Nichts auf dieser Website stellt eine Rechts-, Finanz- oder medizinische Beratung jeglicher Art dar oder soll diese darstellen. Wenn Sie eine Beratung ben\u00f6tigen, sollten Sie einen geeigneten Fachmann konsultieren. <\/p><p>Die folgenden Bestimmungen dieses Abschnitts gelten im maximal zul\u00e4ssigen Umfang nach geltendem Recht und beschr\u00e4nken oder schlie\u00dfen unsere Haftung in Bezug auf Angelegenheiten, bei denen es f\u00fcr uns rechtswidrig oder illegal w\u00e4re, unsere Haftung zu beschr\u00e4nken oder auszuschlie\u00dfen, nicht aus. In keinem Fall haften wir f\u00fcr direkte oder indirekte Sch\u00e4den (einschlie\u00dflich Sch\u00e4den aus entgangenem Gewinn oder Einnahmen, Verlust oder Besch\u00e4digung von Daten, Software oder Datenbanken oder Verlust oder Besch\u00e4digung von Eigentum oder Daten), die Ihnen oder Dritten entstehen und die sich aus Ihrem Zugriff auf unsere Website oder deren Nutzung ergeben. <\/p><p>Sofern in einer zus\u00e4tzlichen Vereinbarung nicht ausdr\u00fccklich etwas anderes bestimmt ist, ist unsere maximale Haftung Ihnen gegen\u00fcber f\u00fcr alle Sch\u00e4den, die sich aus der Website oder einem Produkt oder einer Dienstleistung ergeben oder damit in Zusammenhang stehen, die \u00fcber die Website vermarktet oder verkauft werden, unabh\u00e4ngig von der Form der Rechtsklage, die die Haftung begr\u00fcndet (sei es aus Vertrag, Billigkeit, Fahrl\u00e4ssigkeit, vors\u00e4tzlichem Verhalten, unerlaubter Handlung oder einer anderen Form), auf den Gesamtpreis beschr\u00e4nkt, den Sie uns f\u00fcr den Kauf dieser Produkte oder Dienstleistungen oder die Nutzung der Website gezahlt haben. Diese Beschr\u00e4nkung gilt in ihrer Gesamtheit f\u00fcr alle Ihre Anspr\u00fcche, Klagen und Klagegr\u00fcnde jeglicher Art. <\/p><h2>11. Datenschutz<\/h2><p>Um auf unsere Website und\/oder unsere Dienstleistungen zuzugreifen, werden Sie m\u00f6glicherweise aufgefordert, im Rahmen des Registrierungsprozesses bestimmte Informationen \u00fcber sich anzugeben. Sie verpflichten sich, dass alle von Ihnen angegebenen Informationen stets richtig, korrekt und aktuell sind. <\/p><p>Wir nehmen Ihre pers\u00f6nlichen Daten sehr ernst und verpflichten uns, Ihre Privatsph\u00e4re zu sch\u00fctzen. Wir werden Ihre E-Mail-Adresse nicht verwenden, um unaufgeforderte Nachrichten zu versenden. Alle E-Mails, die wir Ihnen senden, beziehen sich nur auf die Bereitstellung vereinbarter Produkte oder Dienstleistungen.  <\/p><h2>12. Ausfuhrbeschr\u00e4nkungen \/ Einhaltung von Gesetzen<\/h2><p>Der Zugriff auf die Website von Gebieten oder L\u00e4ndern aus, in denen der Inhalt oder der Kauf der auf der Website verkauften Produkte oder Dienstleistungen illegal ist, ist verboten. Sie d\u00fcrfen diese Website nicht unter Versto\u00df gegen die Ausfuhrgesetze und -bestimmungen Spaniens nutzen. <\/p><h2>13. Affiliate-Marketing<\/h2><p>\u00dcber diese Website k\u00f6nnen wir Affiliate-Marketing-Aktivit\u00e4ten durchf\u00fchren, bei denen wir einen Prozentsatz oder eine Provision f\u00fcr den Verkauf von Dienstleistungen oder Produkten auf dieser Website oder \u00fcber diese erhalten. Wir k\u00f6nnen auch Sponsoring oder andere Formen der Werbekompensation von Unternehmen akzeptieren. Diese Informationen sollen die gesetzlichen Anforderungen an Marketing und Werbung erf\u00fcllen, die m\u00f6glicherweise gelten, wie z. B. die Regeln der Federal Trade Commission der Vereinigten Staaten.  <\/p><h2>14. Abtretung und \u00dcbertragung<\/h2><p>Sie d\u00fcrfen ohne unsere vorherige schriftliche Zustimmung keine Ihrer Rechte und\/oder Pflichten aus diesen Allgemeinen Gesch\u00e4ftsbedingungen ganz oder teilweise an Dritte abtreten, \u00fcbertragen oder untervergeben. Jede angebliche Abtretung unter Versto\u00df gegen diesen Abschnitt ist nichtig. <\/p><h2>15. Verst\u00f6\u00dfe gegen diese Allgemeinen Gesch\u00e4ftsbedingungen<\/h2><p>Unbeschadet der anderen Rechte, die uns gem\u00e4\u00df diesen Allgemeinen Gesch\u00e4ftsbedingungen zustehen, k\u00f6nnen wir, wenn Sie diese Allgemeinen Gesch\u00e4ftsbedingungen in irgendeiner Weise verletzen, die Ma\u00dfnahmen ergreifen, die wir f\u00fcr angemessen halten, um den Versto\u00df zu beheben, einschlie\u00dflich der vor\u00fcbergehenden oder dauerhaften Aussetzung Ihres Zugriffs auf die Website, der Kontaktaufnahme mit Ihrem Internetdienstanbieter, um ihn aufzufordern, Ihren Zugriff auf die Website zu sperren, und\/oder der Einleitung rechtlicher Schritte gegen Sie.<\/p><h2>16. H\u00f6here Gewalt (Force majeure)<\/h2><p>Mit Ausnahme der Verpflichtungen zur Zahlung von Geld gilt keine Verz\u00f6gerung, kein Vers\u00e4umnis oder keine Unterlassung einer Partei bei der Erf\u00fcllung oder Einhaltung einer ihrer Verpflichtungen aus diesem Dokument als Verletzung dieser Allgemeinen Gesch\u00e4ftsbedingungen, wenn und solange diese Verz\u00f6gerung, dieses Vers\u00e4umnis oder diese Unterlassung auf eine Ursache zur\u00fcckzuf\u00fchren ist, die au\u00dferhalb der zumutbaren Kontrolle dieser Partei liegt.<\/p><h2>17. Entsch\u00e4digung<\/h2><p>Sie verpflichten sich, uns von allen Anspr\u00fcchen, Haftungen, Sch\u00e4den, Verlusten und Ausgaben freizustellen, zu verteidigen und schadlos zu halten, die sich auf die Verletzung dieser Bedingungen und der geltenden Gesetze beziehen, einschlie\u00dflich der Rechte an geistigem Eigentum und der Datenschutzrechte. Sie werden uns unverz\u00fcglich alle Sch\u00e4den, Verluste, Kosten und Ausgaben im Zusammenhang mit solchen Anspr\u00fcchen oder aus diesen entstanden erstatten. <\/p><h2>18. Verzicht<\/h2><p>Die Nichteinhaltung einer der in diesen Allgemeinen Gesch\u00e4ftsbedingungen und in einer Vereinbarung festgelegten Bestimmungen oder die Nichtaus\u00fcbung einer Option zur Unterbrechung ist nicht als Verzicht auf diese Bestimmungen auszulegen und beeintr\u00e4chtigt nicht die G\u00fcltigkeit dieser Allgemeinen Gesch\u00e4ftsbedingungen oder einer Vereinbarung oder eines Teils davon oder das sp\u00e4tere Recht, alle einzelnen Bestimmungen durchzusetzen.<\/p><h2>19. Sprache<\/h2><p>Diese Allgemeinen Gesch\u00e4ftsbedingungen werden ausschlie\u00dflich in englischer Sprache ausgelegt und analysiert. Alle Mitteilungen und die Korrespondenz werden ausschlie\u00dflich in dieser Sprache verfasst. <\/p><h2>20. Vollst\u00e4ndige Vereinbarung<\/h2><p>Diese Allgemeinen Gesch\u00e4ftsbedingungen stellen die vollst\u00e4ndige Vereinbarung zwischen Ihnen und Zambra los Amayas SL in Bezug auf Ihre Nutzung dieser Website dar.<\/p><h2>21. Aktualisierung dieser Allgemeinen Gesch\u00e4ftsbedingungen<\/h2><p>Wir k\u00f6nnen diese Allgemeinen Gesch\u00e4ftsbedingungen von Zeit zu Zeit aktualisieren. Das Datum am Anfang dieser Allgemeinen Gesch\u00e4ftsbedingungen ist das Datum der letzten \u00dcberarbeitung. Wir werden Sie schriftlich \u00fcber alle \u00c4nderungen oder Aktualisierungen informieren, und die \u00fcberarbeiteten Allgemeinen Gesch\u00e4ftsbedingungen treten ab dem Datum in Kraft, an dem wir Ihnen diese Mitteilung zusenden. Die fortgesetzte Nutzung dieser Website nach der Ver\u00f6ffentlichung von \u00c4nderungen oder Aktualisierungen gilt als Hinweis auf Ihre Zustimmung, diese Allgemeinen Gesch\u00e4ftsbedingungen einzuhalten und an sie gebunden zu sein. Um eine fr\u00fchere Version dieser Allgemeinen Gesch\u00e4ftsbedingungen anzufordern, kontaktieren Sie uns bitte.    <\/p><h2>22. Rechtswahl und Gerichtsstand<\/h2><p>Diese Allgemeinen Gesch\u00e4ftsbedingungen unterliegen den Gesetzen Spaniens. Alle Streitigkeiten im Zusammenhang mit diesen Allgemeinen Gesch\u00e4ftsbedingungen unterliegen der Gerichtsbarkeit der Gerichte von Spanien. Wenn ein Gericht oder eine andere Beh\u00f6rde feststellt, dass ein Teil oder eine Bestimmung dieser Allgemeinen Gesch\u00e4ftsbedingungen nach geltendem Recht ung\u00fcltig und\/oder nicht durchsetzbar ist, wird dieser Teil oder diese Bestimmung in dem gr\u00f6\u00dftm\u00f6glichen Umfang ge\u00e4ndert, gestrichen und\/oder angewendet, um die Absicht dieser Allgemeinen Gesch\u00e4ftsbedingungen wirksam werden zu lassen. Die \u00fcbrigen Bestimmungen bleiben davon unber\u00fchrt.   <\/p><h2>23. Kontaktinformationen<\/h2><p>Diese Website ist Eigentum von Zambra los Amayas SL und wird von dieser betrieben.<\/p><p>Sie k\u00f6nnen uns in Bezug auf diese Allgemeinen Gesch\u00e4ftsbedingungen kontaktieren, indem Sie uns schreiben oder eine E-Mail an die folgende Adresse senden: info@cuevalosamayas.com<br><img decoding=\"async\" class=\"emoji\" role=\"img\" draggable=\"false\" src=\"https:\/\/s.w.org\/images\/core\/emoji\/16.0.1\/svg\/1f4cd.svg\" alt=\"\ud83d\udccd\">Camino del Sacromonte 57, 18010 GRANADA<\/p><h2>24. Herunterladen<\/h2><p>Sie k\u00f6nnen unsere Allgemeinen Gesch\u00e4ftsbedingungen auch als PDF <a href=\"https:\/\/cuevalosamayas.com\/wp-content\/plugins\/complianz-terms-conditions\/download.php\">herunterladen<\/a>.<\/p>\t\t\t\t\t\t\t\t<\/div>\n\t\t\t\t<\/div>\n\t\t\t\t<\/div>\n\t\t\t\t<\/div>\n\t\t","protected":false},"excerpt":{"rendered":"<p>Allgemeine Gesch\u00e4ftsbedingungen Die Allgemeinen Gesch\u00e4ftsbedingungen wurden zuletzt am 04. August 2025 aktualisiert. 1. Einf\u00fchrung Diese Allgemeinen Gesch\u00e4ftsbedingungen gelten f\u00fcr diese Website und f\u00fcr Transaktionen im Zusammenhang mit unseren Produkten und Dienstleistungen. M\u00f6glicherweise sind Sie durch zus\u00e4tzliche Vertr\u00e4ge im Zusammenhang mit Ihrer Beziehung zu uns oder mit Produkten oder Dienstleistungen, die Sie von uns erhalten, gebunden. [&hellip;]<\/p>\n","protected":false},"author":1,"featured_media":0,"parent":0,"menu_order":0,"comment_status":"closed","ping_status":"closed","template":"","meta":{"footnotes":""},"class_list":["post-4560","page","type-page","status-publish","hentry"],"_links":{"self":[{"href":"https:\/\/cuevalosamayas.com\/de\/wp-json\/wp\/v2\/pages\/4560","targetHints":{"allow":["GET"]}}],"collection":[{"href":"https:\/\/cuevalosamayas.com\/de\/wp-json\/wp\/v2\/pages"}],"about":[{"href":"https:\/\/cuevalosamayas.com\/de\/wp-json\/wp\/v2\/types\/page"}],"author":[{"embeddable":true,"href":"https:\/\/cuevalosamayas.com\/de\/wp-json\/wp\/v2\/users\/1"}],"replies":[{"embeddable":true,"href":"https:\/\/cuevalosamayas.com\/de\/wp-json\/wp\/v2\/comments?post=4560"}],"version-history":[{"count":1,"href":"https:\/\/cuevalosamayas.com\/de\/wp-json\/wp\/v2\/pages\/4560\/revisions"}],"predecessor-version":[{"id":4561,"href":"https:\/\/cuevalosamayas.com\/de\/wp-json\/wp\/v2\/pages\/4560\/revisions\/4561"}],"wp:attachment":[{"href":"https:\/\/cuevalosamayas.com\/de\/wp-json\/wp\/v2\/media?parent=4560"}],"curies":[{"name":"wp","href":"https:\/\/api.w.org\/{rel}","templated":true}]}}