{"id":4522,"date":"2025-07-23T10:42:48","date_gmt":"2025-07-23T08:42:48","guid":{"rendered":"https:\/\/cuevalosamayas.com\/plan-du-site"},"modified":"2025-08-15T11:43:44","modified_gmt":"2025-08-15T09:43:44","slug":"plan-du-site","status":"publish","type":"page","link":"https:\/\/cuevalosamayas.com\/fr\/plan-du-site","title":{"rendered":"Plan du site"},"content":{"rendered":"\t\t<div data-elementor-type=\"wp-page\" data-elementor-id=\"4522\" class=\"elementor elementor-4522 elementor-1651\" data-elementor-post-type=\"page\">\n\t\t\t\t<div class=\"elementor-element elementor-element-4826fdf e-con-full e-flex e-con e-parent\" data-id=\"4826fdf\" data-element_type=\"container\" data-e-type=\"container\">\n\t\t\t\t<div class=\"elementor-element elementor-element-b221734 elementor-widget elementor-widget-heading\" data-id=\"b221734\" data-element_type=\"widget\" data-e-type=\"widget\" data-widget_type=\"heading.default\">\n\t\t\t\t<div class=\"elementor-widget-container\">\n\t\t\t\t\t<h1 class=\"elementor-heading-title elementor-size-default\">plan du site<\/h1>\t\t\t\t<\/div>\n\t\t\t\t<\/div>\n\t\t\t\t<div class=\"elementor-element elementor-element-aab9b4a elementor-widget-divider--view-line elementor-widget elementor-widget-divider\" data-id=\"aab9b4a\" data-element_type=\"widget\" data-e-type=\"widget\" data-widget_type=\"divider.default\">\n\t\t\t\t<div class=\"elementor-widget-container\">\n\t\t\t\t\t\t\t<div class=\"elementor-divider\">\n\t\t\t<span class=\"elementor-divider-separator\">\n\t\t\t\t\t\t<\/span>\n\t\t<\/div>\n\t\t\t\t\t\t<\/div>\n\t\t\t\t<\/div>\n\t\t\t\t<div class=\"elementor-element elementor-element-856300c elementor-widget elementor-widget-sitemap\" data-id=\"856300c\" data-element_type=\"widget\" data-e-type=\"widget\" data-widget_type=\"sitemap.default\">\n\t\t\t\t<div class=\"elementor-widget-container\">\n\t\t\t\t\t<div class=\"elementor-sitemap-wrap\"><div class=\"elementor-sitemap-section\"><h2 class=\"elementor-sitemap-title elementor-sitemap-page-title\">P\u00e1ginas<\/h2><ul class=\"elementor-sitemap-list elementor-sitemap-page-list\"><li class=\"elementor-sitemap-item elementor-sitemap-item-page page_item page-item-6583\"><a href=\"https:\/\/cuevalosamayas.com\/fr\/diner-et-flamenco-a-grenade\">D\u00eener et flamenco \u00e0 Grenade<\/a><\/li><li class=\"elementor-sitemap-item elementor-sitemap-item-page page_item page-item-4506\"><a href=\"https:\/\/cuevalosamayas.com\/fr\/galerie-dimages\">Galerie d&rsquo;images<\/a><\/li><li class=\"elementor-sitemap-item elementor-sitemap-item-page page_item page-item-4558\"><a href=\"https:\/\/cuevalosamayas.com\/fr\/tablao-flamenco-a-grenade\">Tablao flamenco \u00e0 Grenade<\/a><\/li><li class=\"elementor-sitemap-item elementor-sitemap-item-page page_item page-item-4522\"><a href=\"https:\/\/cuevalosamayas.com\/fr\/plan-du-site\">Plan du site<\/a><\/li><li class=\"elementor-sitemap-item elementor-sitemap-item-page page_item page-item-4620\"><a href=\"https:\/\/cuevalosamayas.com\/fr\/mentions-legales\">Mentions l\u00e9gales<\/a><\/li><li class=\"elementor-sitemap-item elementor-sitemap-item-page page_item page-item-4514\"><a href=\"https:\/\/cuevalosamayas.com\/fr\">D\u00e9but<\/a><\/li><li class=\"elementor-sitemap-item elementor-sitemap-item-page page_item page-item-4538\"><a href=\"https:\/\/cuevalosamayas.com\/fr\/reservez-votre-place\">R\u00e9servez votre place<\/a><\/li><li class=\"elementor-sitemap-item elementor-sitemap-item-page page_item page-item-4605\"><a href=\"https:\/\/cuevalosamayas.com\/fr\/notre-histoire\">Notre histoire<\/a><\/li><li class=\"elementor-sitemap-item elementor-sitemap-item-page page_item page-item-4598\"><a href=\"https:\/\/cuevalosamayas.com\/fr\/contact\">Contact<\/a><\/li><li class=\"elementor-sitemap-item elementor-sitemap-item-page page_item page-item-4578 current_page_parent\"><a href=\"https:\/\/cuevalosamayas.com\/fr\/blog\">Blog<\/a><\/li><li class=\"elementor-sitemap-item elementor-sitemap-item-page page_item page-item-4566\"><a href=\"https:\/\/cuevalosamayas.com\/fr\/termes-et-conditions\">Termes et conditions<\/a><\/li><li class=\"elementor-sitemap-item elementor-sitemap-item-page page_item page-item-223\"><a href=\"https:\/\/cuevalosamayas.com\/fr\/politique-en-matiere-de-cookies-ue\">Politique de cookies (UE)<\/a><\/li><li class=\"elementor-sitemap-item elementor-sitemap-item-page page_item page-item-86\"><a href=\"https:\/\/cuevalosamayas.com\/fr\/ou-nous-sommes\">O\u00f9 nous en sommes<\/a><\/li><li class=\"elementor-sitemap-item elementor-sitemap-item-page page_item page-item-4534\"><a href=\"https:\/\/cuevalosamayas.com\/fr\/politique-de-confidentialite\">Politique de confidentialit\u00e9<\/a><\/li><\/ul><\/div><div class=\"elementor-sitemap-section\"><h2 class=\"elementor-sitemap-title elementor-sitemap-post-title\">Articles<\/h2><ul class=\"elementor-sitemap-list elementor-sitemap-post-list\"><li class=\"elementor-sitemap-item elementor-sitemap-item-post page_item page-item-7005\"><a href=\"https:\/\/cuevalosamayas.com\/fr\/les-croix-de-mai-a-grenade-dou-vient-cette-tradition\">Les Croix de Mai \u00e0 Grenade : d\u2019o\u00f9 vient cette tradition<\/a><\/li><li class=\"elementor-sitemap-item elementor-sitemap-item-post page_item page-item-7017\"><a href=\"https:\/\/cuevalosamayas.com\/fr\/les-13-belvederes-de-grenade-offrant-les-vues-les-plus-spectaculaires\">Les 13 belv\u00e9d\u00e8res de Grenade offrant les vues les plus spectaculaires<\/a><\/li><li class=\"elementor-sitemap-item elementor-sitemap-item-post page_item page-item-7027\"><a href=\"https:\/\/cuevalosamayas.com\/fr\/lhistoire-des-cafes-concerts\">L\u2019histoire des caf\u00e9s-concerts<\/a><\/li><li class=\"elementor-sitemap-item elementor-sitemap-item-post page_item page-item-7037\"><a href=\"https:\/\/cuevalosamayas.com\/fr\/curiosites-du-flamenco-que-vous-ignoriez\">Curiosit\u00e9s du Flamenco que vous ignoriez<\/a><\/li><li class=\"elementor-sitemap-item elementor-sitemap-item-post page_item page-item-7047\"><a href=\"https:\/\/cuevalosamayas.com\/fr\/ou-ecouter-du-flamenco-a-grenade\">O\u00f9 \u00e9couter du flamenco \u00e0 Grenade ?<\/a><\/li><li class=\"elementor-sitemap-item elementor-sitemap-item-post page_item page-item-7057\"><a href=\"https:\/\/cuevalosamayas.com\/fr\/comment-se-rendre-aux-grottes-flamencas-du-sacromonte-itineraires-transports-en-commun-et-recommandations\">Comment se rendre aux Grottes flamencas du Sacromonte : Itin\u00e9raires, transports en commun et recommandations<\/a><\/li><li class=\"elementor-sitemap-item elementor-sitemap-item-post page_item page-item-7067\"><a href=\"https:\/\/cuevalosamayas.com\/fr\/shopping-a-grenade-que-rapporter-dun-voyage-inoubliable\">Shopping \u00e0 Grenade : que rapporter d&rsquo;un voyage inoubliable ?<\/a><\/li><li class=\"elementor-sitemap-item elementor-sitemap-item-post page_item page-item-7077\"><a href=\"https:\/\/cuevalosamayas.com\/fr\/decouvrez-le-meilleur-flamenco-a-grenade-une-experience-unique-a-la-cueva-los-amayas\">D\u00e9couvrez le meilleur flamenco \u00e0 Grenade : une exp\u00e9rience unique \u00e0 la Cueva Los Amayas<\/a><\/li><li class=\"elementor-sitemap-item elementor-sitemap-item-post page_item page-item-7087\"><a href=\"https:\/\/cuevalosamayas.com\/fr\/decouvrez-les-plats-typiques-de-grenade-ne-manquez-pas-les-saveurs-autochtones\">D\u00e9couvrez les plats typiques de Grenade : ne manquez pas les saveurs autochtones<\/a><\/li><\/ul><\/div><\/div>\t\t\t\t<\/div>\n\t\t\t\t<\/div>\n\t\t\t\t<\/div>\n\t\t\t\t<\/div>\n\t\t","protected":false},"excerpt":{"rendered":"<p>plan du site<\/p>\n","protected":false},"author":1,"featured_media":0,"parent":0,"menu_order":0,"comment_status":"closed","ping_status":"closed","template":"","meta":{"footnotes":""},"class_list":["post-4522","page","type-page","status-publish","hentry"],"_links":{"self":[{"href":"https:\/\/cuevalosamayas.com\/fr\/wp-json\/wp\/v2\/pages\/4522","targetHints":{"allow":["GET"]}}],"collection":[{"href":"https:\/\/cuevalosamayas.com\/fr\/wp-json\/wp\/v2\/pages"}],"about":[{"href":"https:\/\/cuevalosamayas.com\/fr\/wp-json\/wp\/v2\/types\/page"}],"author":[{"embeddable":true,"href":"https:\/\/cuevalosamayas.com\/fr\/wp-json\/wp\/v2\/users\/1"}],"replies":[{"embeddable":true,"href":"https:\/\/cuevalosamayas.com\/fr\/wp-json\/wp\/v2\/comments?post=4522"}],"version-history":[{"count":1,"href":"https:\/\/cuevalosamayas.com\/fr\/wp-json\/wp\/v2\/pages\/4522\/revisions"}],"predecessor-version":[{"id":4523,"href":"https:\/\/cuevalosamayas.com\/fr\/wp-json\/wp\/v2\/pages\/4522\/revisions\/4523"}],"wp:attachment":[{"href":"https:\/\/cuevalosamayas.com\/fr\/wp-json\/wp\/v2\/media?parent=4522"}],"curies":[{"name":"wp","href":"https:\/\/api.w.org\/{rel}","templated":true}]}}