{"id":4566,"date":"2024-04-15T09:48:20","date_gmt":"2024-04-15T07:48:20","guid":{"rendered":"https:\/\/cuevalosamayas.com\/termes-et-conditions"},"modified":"2025-08-15T11:46:33","modified_gmt":"2025-08-15T09:46:33","slug":"termes-et-conditions","status":"publish","type":"page","link":"https:\/\/cuevalosamayas.com\/fr\/termes-et-conditions","title":{"rendered":"Termes et conditions"},"content":{"rendered":"\t\t<div data-elementor-type=\"wp-page\" data-elementor-id=\"4566\" class=\"elementor elementor-4566 elementor-583\" data-elementor-post-type=\"page\">\n\t\t\t\t<div class=\"elementor-element elementor-element-13889713 e-con-full e-flex e-con e-parent\" data-id=\"13889713\" data-element_type=\"container\" data-e-type=\"container\">\n\t\t\t\t<div class=\"elementor-element elementor-element-eb326d8 elementor-widget elementor-widget-heading\" data-id=\"eb326d8\" data-element_type=\"widget\" data-e-type=\"widget\" data-widget_type=\"heading.default\">\n\t\t\t\t<div class=\"elementor-widget-container\">\n\t\t\t\t\t<h1 class=\"elementor-heading-title elementor-size-default\">Termes et conditions<\/h1>\t\t\t\t<\/div>\n\t\t\t\t<\/div>\n\t\t\t\t<div class=\"elementor-element elementor-element-dd07455 elementor-widget elementor-widget-text-editor\" data-id=\"dd07455\" data-element_type=\"widget\" data-e-type=\"widget\" data-widget_type=\"text-editor.default\">\n\t\t\t\t<div class=\"elementor-widget-container\">\n\t\t\t\t\t\t\t\t\t<p><i>Les conditions g\u00e9n\u00e9rales ont \u00e9t\u00e9 mises \u00e0 jour pour la derni\u00e8re fois le 4 ao\u00fbt 2025<\/i><\/p><h2>1. Introduction<\/h2><p>Les pr\u00e9sentes conditions g\u00e9n\u00e9rales s&rsquo;appliquent \u00e0 ce site web et aux transactions li\u00e9es \u00e0 nos produits et services. Vous pouvez \u00eatre li\u00e9 par des contrats suppl\u00e9mentaires relatifs \u00e0 votre relation avec nous ou \u00e0 tout produit ou service que vous recevez de nous. Si l&rsquo;une des dispositions des contrats suppl\u00e9mentaires entre en conflit avec l&rsquo;une des dispositions des pr\u00e9sentes conditions, les dispositions de ces contrats suppl\u00e9mentaires pr\u00e9vaudront.  <\/p><h2>2. Lien<\/h2><p>En vous inscrivant sur ce site web, en y acc\u00e9dant ou en l&rsquo;utilisant de toute autre mani\u00e8re, vous acceptez de vous soumettre aux conditions \u00e9nonc\u00e9es ci-dessous. La simple utilisation de ce site web implique la connaissance et l&rsquo;acceptation des pr\u00e9sentes conditions g\u00e9n\u00e9rales. Dans certains cas particuliers, nous pouvons \u00e9galement vous demander de l&rsquo;accepter explicitement.  <\/p><h2>3. Communication \u00e9lectronique<\/h2><p>En utilisant ce site web ou en communiquant avec nous par des moyens \u00e9lectroniques, vous acceptez et reconnaissez que nous pouvons communiquer avec vous \u00e9lectroniquement sur notre site web ou en vous envoyant un courrier \u00e9lectronique, et vous acceptez que tous les accords, avis, divulgations et autres communications que nous vous fournissons \u00e9lectroniquement satisfont \u00e0 toute exigence l\u00e9gale, y compris, mais sans s&rsquo;y limiter, l&rsquo;exigence que ces communications soient faites par \u00e9crit.<\/p><h2>4. Propri\u00e9t\u00e9 intellectuelle<\/h2><p>Nous, ou nos conc\u00e9dants de licence, poss\u00e9dons et contr\u00f4lons tous les droits d&rsquo;auteur et autres droits de propri\u00e9t\u00e9 intellectuelle sur le site web, ainsi que les donn\u00e9es, les informations et autres ressources affich\u00e9es par ou accessibles depuis le site web.<\/p><p class=\"cmplz-subtitle\">4.1 Tous droits r\u00e9serv\u00e9s<\/p><p>Sauf indication contraire dans le contenu sp\u00e9cifique, aucune licence ou autre droit ne vous est accord\u00e9 en vertu des droits d&rsquo;auteur, marques commerciales, brevets ou autres droits de propri\u00e9t\u00e9 intellectuelle. Cela signifie que vous n&rsquo;utiliserez, ne copierez, ne reproduirez, n&rsquo;ex\u00e9cuterez, n&rsquo;afficherez, ne distribuerez, n&rsquo;int\u00e9grerez dans aucun support \u00e9lectronique, n&rsquo;alt\u00e9rerez, ne r\u00e9aliserez d&rsquo;ing\u00e9nierie inverse, ne d\u00e9compilerez, ne transf\u00e9rerez, ne t\u00e9l\u00e9chargerez, ne transmettrez, ne mon\u00e9tiserez, ne vendrez, ne commercialiserez ou ne ferez usage d&rsquo;aucune ressource de ce site web sous quelque forme que ce soit, sans notre autorisation \u00e9crite pr\u00e9alable, sauf et uniquement dans la mesure o\u00f9 cela est stipul\u00e9 dans les r\u00e8gles de droit imp\u00e9ratives (comme le droit de citation). <\/p><h2>5. Propri\u00e9t\u00e9 de tiers<\/h2><p>Notre site web peut inclure des hyperliens ou d&rsquo;autres r\u00e9f\u00e9rences \u00e0 des sites web de tiers. Nous ne contr\u00f4lons ni ne r\u00e9visons le contenu des sites web de tiers accessibles depuis ce site web. Les produits ou services propos\u00e9s par d&rsquo;autres sites web seront soumis aux conditions g\u00e9n\u00e9rales applicables de ces tiers. Les opinions exprim\u00e9es ou le mat\u00e9riel apparaissant sur ces sites web ne sont pas n\u00e9cessairement partag\u00e9s ou approuv\u00e9s par nous.   <\/p><p>Nous ne serons pas responsables des pratiques de confidentialit\u00e9 ou du contenu de ces sites. Vous assumez tous les risques associ\u00e9s \u00e0 l&rsquo;utilisation de ces sites web et de tout service de tiers connexe. Nous n&rsquo;accepterons aucune responsabilit\u00e9 pour toute perte ou tout dommage, quelle que soit la mani\u00e8re dont il se produit, r\u00e9sultant de la divulgation par vous d&rsquo;informations personnelles \u00e0 des tiers.  <\/p><h2>6. Utilisation responsable<\/h2><p>En visitant notre site web, vous vous engagez \u00e0 l&rsquo;utiliser uniquement aux fins pr\u00e9vues et conform\u00e9ment aux pr\u00e9sentes conditions, \u00e0 tout contrat suppl\u00e9mentaire avec nous, et aux lois, r\u00e9glementations et pratiques en ligne g\u00e9n\u00e9ralement accept\u00e9es et aux directives de l&rsquo;industrie applicables. Vous ne devez pas utiliser notre site web ou nos services pour utiliser, publier ou distribuer tout mat\u00e9riel consistant en (ou li\u00e9 \u00e0) un logiciel informatique malveillant&nbsp;; utiliser les donn\u00e9es recueillies sur notre site web pour toute activit\u00e9 de marketing direct, ou mener toute activit\u00e9 de collecte de donn\u00e9es syst\u00e9matique ou automatis\u00e9e sur ou en relation avec notre site web. <\/p><p>Il est strictement interdit de r\u00e9aliser toute activit\u00e9 qui provoque ou pourrait provoquer des dommages sur le site web ou qui interf\u00e8re avec son fonctionnement, sa disponibilit\u00e9 ou son accessibilit\u00e9.<\/p><h2>7. Politique de retour et de remboursement<\/h2><p class=\"cmplz-subtitle\">7.1 Droit de r\u00e9tractation<\/p><p>Vous avez le droit de r\u00e9silier le contrat dans un d\u00e9lai de 14 jours sans indiquer de motif.<\/p><p>Le d\u00e9lai de r\u00e9tractation expire 14 jours apr\u00e8s la conclusion du contrat.<\/p><p>Pour exercer le droit de r\u00e9tractation, vous devez nous informer de votre d\u00e9cision de vous r\u00e9tracter de ce contrat au moyen d&rsquo;une d\u00e9claration non \u00e9quivoque (par exemple, une lettre envoy\u00e9e par courrier, fax ou courrier \u00e9lectronique). Vous trouverez nos coordonn\u00e9es ci-dessous. Vous pouvez utiliser le mod\u00e8le ci-joint de <a href=\"https:\/\/cuevalosamayas.com\/wp-content\/uploads\/complianz\/withdrawal-forms\/withdrawal-form-es.pdf\" target=\"_blank\" rel=\"noopener\">formulaire de r\u00e9tractation<\/a>, mais ce n&rsquo;est pas obligatoire.  <\/p><p>Si vous utilisez cette option, nous vous communiquerons sans d\u00e9lai un accus\u00e9 de r\u00e9ception de cette r\u00e9tractation sur un support durable (par exemple, par courrier \u00e9lectronique).<\/p><p>Pour respecter le d\u00e9lai de r\u00e9tractation, il suffit que vous envoyiez votre communication concernant l&rsquo;exercice du droit de r\u00e9tractation avant l&rsquo;expiration du d\u00e9lai de r\u00e9tractation.<\/p><p class=\"cmplz-subtitle\">7.2 Cons\u00e9quences de la r\u00e9tractation<\/p><p>Si vous r\u00e9siliez le contrat, nous vous rembourserons tous les paiements que nous avons re\u00e7us, y compris les frais de livraison (\u00e0 l&rsquo;exception des frais suppl\u00e9mentaires r\u00e9sultant de votre choix d&rsquo;un type de livraison autre que le type de livraison standard le moins co\u00fbteux que nous offrons), sans retard excessif et, en tout \u00e9tat de cause, au plus tard 14 jours \u00e0 compter du jour o\u00f9 nous sommes inform\u00e9s de votre d\u00e9cision de r\u00e9silier le contrat. Nous effectuerons ce remboursement en utilisant le m\u00eame moyen de paiement que vous avez utilis\u00e9 pour la transaction initiale, sauf si vous en avez express\u00e9ment convenu autrement&nbsp;; en tout \u00e9tat de cause, vous ne supporterez aucun frais du fait de ce remboursement. <\/p><p>Si vous avez demand\u00e9 \u00e0 ce que l&rsquo;ex\u00e9cution des services commence pendant le d\u00e9lai de r\u00e9tractation, vous devrez nous payer un montant proportionnel \u00e0 ce qui a \u00e9t\u00e9 fourni jusqu&rsquo;\u00e0 ce que vous nous ayez communiqu\u00e9 votre r\u00e9tractation du pr\u00e9sent contrat, par rapport \u00e0 la couverture totale de celui-ci.<\/p><p>Veuillez noter qu&rsquo;il existe certaines exceptions l\u00e9gales au droit de r\u00e9tractation et que, par cons\u00e9quent, certains articles ne peuvent \u00eatre ni retourn\u00e9s ni \u00e9chang\u00e9s. Nous vous informerons si cela s&rsquo;applique \u00e0 votre cas particulier. <\/p><h2>8. Soumission d&rsquo;id\u00e9es<\/h2><p>N&rsquo;envoyez pas d&rsquo;id\u00e9es, d&rsquo;inventions, d&rsquo;\u0153uvres d&rsquo;auteur ou d&rsquo;autres informations qui pourraient \u00eatre consid\u00e9r\u00e9es comme votre propre propri\u00e9t\u00e9 intellectuelle et que vous aimeriez nous pr\u00e9senter, \u00e0 moins que nous n&rsquo;ayons d&rsquo;abord sign\u00e9 un accord concernant la propri\u00e9t\u00e9 intellectuelle ou un accord de non-divulgation. Si vous nous le communiquez en l&rsquo;absence d&rsquo;un tel accord \u00e9crit, vous nous accordez une licence mondiale, irr\u00e9vocable, non exclusive et libre de droits d&rsquo;auteur pour utiliser, reproduire, stocker, adapter, publier, traduire et distribuer votre contenu sur tout support existant ou futur. <\/p><h2>9. R\u00e9siliation de l&rsquo;utilisation<\/h2><p>Nous pouvons, \u00e0 notre enti\u00e8re discr\u00e9tion, modifier ou interrompre \u00e0 tout moment l&rsquo;acc\u00e8s, temporairement ou d\u00e9finitivement, au site web ou \u00e0 tout service de celui-ci. Vous acceptez que nous ne soyons pas responsables envers vous ou envers un tiers de toute modification, suspension ou interruption de votre acc\u00e8s ou de votre utilisation du site web ou de tout contenu que vous pourriez avoir partag\u00e9 sur le site web. Vous n&rsquo;aurez droit \u00e0 aucune compensation ni \u00e0 aucun autre paiement, m\u00eame si certaines fonctions, configurations et\/ou tout contenu auquel vous avez contribu\u00e9 ou sur lequel vous vous \u00eates appuy\u00e9 sont d\u00e9finitivement perdus. Vous ne devez pas contourner ou \u00e9viter, ou tenter de contourner ou d&rsquo;\u00e9viter, toute mesure de restriction d&rsquo;acc\u00e8s sur notre site web.   <\/p><h2>10. Garanties et responsabilit\u00e9<\/h2><p>Rien dans cette section ne limitera ou n&rsquo;exclura toute garantie implicite par la loi qu&rsquo;il serait ill\u00e9gal de limiter ou d&rsquo;exclure. Ce site web et tout son contenu sont fournis \u00ab en l&rsquo;\u00e9tat \u00bb et \u00ab selon disponibilit\u00e9 \u00bb et peuvent inclure des inexactitudes ou des erreurs typographiques. Nous renon\u00e7ons express\u00e9ment \u00e0 toute garantie de quelque nature que ce soit, expresse ou implicite, quant \u00e0 la disponibilit\u00e9, \u00e0 la pr\u00e9cision ou \u00e0 l&rsquo;exhaustivit\u00e9 du contenu. Nous ne garantissons pas que&nbsp;:   <\/p><ul><li>ce site web ou nos produits ou services r\u00e9pondront \u00e0 vos exigences&nbsp;;<\/li><li>ce site web sera disponible de mani\u00e8re ininterrompue, opportune, s\u00fbre ou sans erreur&nbsp;;<\/li><li>la qualit\u00e9 de tout produit ou service acquis ou obtenu par vous via ce site web satisfera vos attentes.<\/li><\/ul><p>Rien de ce qui est contenu dans ce site web ne constitue ou ne pr\u00e9tend constituer un conseil juridique, financier ou m\u00e9dical de quelque nature que ce soit. Si vous avez besoin de conseils, vous devez consulter un professionnel appropri\u00e9. <\/p><p>Les dispositions suivantes de cette section s&rsquo;appliqueront dans la mesure maximale permise par la loi applicable et ne limiteront ni n&rsquo;excluront notre responsabilit\u00e9 en ce qui concerne toute question pour laquelle il serait illicite ou ill\u00e9gal pour nous de limiter ou d&rsquo;exclure notre responsabilit\u00e9. En aucun cas, nous ne serons responsables de tout dommage direct ou indirect (y compris tout dommage pour perte de b\u00e9n\u00e9fices ou de revenus, perte ou corruption de donn\u00e9es, de logiciels ou de base de donn\u00e9es, ou perte ou dommage \u00e0 la propri\u00e9t\u00e9 ou aux donn\u00e9es) encouru par vous ou par un tiers, qui d\u00e9coule de votre acc\u00e8s ou de votre utilisation de notre site web. <\/p><p>Sauf dans la mesure o\u00f9 tout contrat suppl\u00e9mentaire stipule express\u00e9ment le contraire, notre responsabilit\u00e9 maximale envers vous pour tous les dommages qui d\u00e9coulent du site web ou de tout produit ou service commercialis\u00e9 ou vendu via le site web, ou qui y sont li\u00e9s, quelle que soit la forme d&rsquo;action l\u00e9gale qui impose la responsabilit\u00e9 (que ce soit par contrat, \u00e9quit\u00e9, n\u00e9gligence, conduite intentionnelle, d\u00e9lit ou toute autre forme) sera limit\u00e9e au prix total que vous nous avez pay\u00e9 pour acheter ces produits ou services ou pour utiliser le site web. Cette limite s&rsquo;appliquera globalement \u00e0 toutes vos r\u00e9clamations, actions et causes d&rsquo;action de toute nature. <\/p><h2>11. Confidentialit\u00e9<\/h2><p>Pour acc\u00e9der \u00e0 notre site web et\/ou \u00e0 nos services, il peut vous \u00eatre demand\u00e9 de fournir certaines informations vous concernant dans le cadre du processus d&rsquo;inscription. Vous vous engagez \u00e0 ce que toutes les informations que vous fournissez soient toujours exactes, correctes et \u00e0 jour. <\/p><p>Nous prenons tr\u00e8s au s\u00e9rieux vos donn\u00e9es personnelles et nous nous engageons \u00e0 prot\u00e9ger votre vie priv\u00e9e. Nous n&rsquo;utiliserons pas votre adresse \u00e9lectronique pour envoyer des messages non sollicit\u00e9s. Tout courrier \u00e9lectronique que nous vous enverrons ne sera li\u00e9 qu&rsquo;\u00e0 la fourniture de produits ou de services convenus.  <\/p><h2>12. Restrictions \u00e0 l&rsquo;exportation \/ Conformit\u00e9 l\u00e9gale<\/h2><p>L&rsquo;acc\u00e8s au site web est interdit depuis les territoires ou les pays o\u00f9 le contenu ou l&rsquo;achat des produits ou services vendus sur le site web est ill\u00e9gal. Vous ne pouvez pas utiliser ce site web en violation des lois et r\u00e9glementations d&rsquo;exportation de l&rsquo;Espagne. <\/p><h2>13. Marketing d&rsquo;affiliation<\/h2><p>Par le biais de ce site web, nous pouvons r\u00e9aliser des activit\u00e9s de marketing d&rsquo;affiliation pour lesquelles nous recevons un pourcentage ou une commission sur la vente de services ou de produits sur ce site web ou par son interm\u00e9diaire. Nous pouvons \u00e9galement accepter des parrainages ou d&rsquo;autres formes de compensation publicitaire de la part d&rsquo;entreprises. Ces informations sont destin\u00e9es \u00e0 satisfaire aux exigences l\u00e9gales en mati\u00e8re de marketing et de publicit\u00e9 qui peuvent \u00eatre applicables, telles que les r\u00e8gles de la Commission f\u00e9d\u00e9rale du commerce des \u00c9tats-Unis.  <\/p><h2>14. Affectation et cessions<\/h2><p>Vous ne pouvez pas c\u00e9der, transf\u00e9rer ou sous-traiter aucun de vos droits et\/ou obligations en vertu des pr\u00e9sentes conditions g\u00e9n\u00e9rales, en totalit\u00e9 ou en partie, \u00e0 un tiers sans notre consentement \u00e9crit pr\u00e9alable. Toute cession pr\u00e9sum\u00e9e en violation de cette section sera nulle et sans effet. <\/p><h2>15. Manquements aux pr\u00e9sentes conditions g\u00e9n\u00e9rales<\/h2><p>Sans pr\u00e9judice des autres droits qui nous sont conf\u00e9r\u00e9s en vertu des pr\u00e9sentes conditions g\u00e9n\u00e9rales, si vous manquez aux pr\u00e9sentes conditions g\u00e9n\u00e9rales de quelque mani\u00e8re que ce soit, nous pourrons prendre les mesures que nous jugerons appropri\u00e9es pour faire face au manquement, y compris la suspension temporaire ou permanente de votre acc\u00e8s au site web, en contactant votre fournisseur de services Internet pour lui demander de bloquer votre acc\u00e8s au site web, et\/ou en intentant une action en justice contre vous.<\/p><h2>16. Force majeure<\/h2><p>Sauf dans le cas des obligations de paiement d&rsquo;argent, aucun retard, manquement ou omission de la part de l&rsquo;une des parties dans l&rsquo;ex\u00e9cution ou le respect de l&rsquo;une de ses obligations en vertu des pr\u00e9sentes ne sera consid\u00e9r\u00e9 comme une violation des pr\u00e9sentes conditions g\u00e9n\u00e9rales si, et tant que, ce retard, manquement ou omission est d\u00fb \u00e0 une cause ind\u00e9pendante de la volont\u00e9 raisonnable de cette partie.<\/p><h2>17. Indemnisation<\/h2><p>Vous vous engagez \u00e0 nous indemniser, \u00e0 nous d\u00e9fendre et \u00e0 nous d\u00e9gager de toute responsabilit\u00e9 en cas de r\u00e9clamation, de responsabilit\u00e9, de dommages, de pertes et de d\u00e9penses li\u00e9s \u00e0 la violation des pr\u00e9sentes conditions et des lois applicables, y compris les droits de propri\u00e9t\u00e9 intellectuelle et les droits \u00e0 la vie priv\u00e9e. Vous nous rembourserez sans d\u00e9lai les dommages, pertes, co\u00fbts et d\u00e9penses li\u00e9s \u00e0 ces r\u00e9clamations ou en d\u00e9coulant. <\/p><h2>18. Renonciation<\/h2><p>Le non-respect de l&rsquo;une des dispositions \u00e9nonc\u00e9es dans les pr\u00e9sentes conditions g\u00e9n\u00e9rales et dans tout accord, ou le d\u00e9faut d&rsquo;exercice de toute option d&rsquo;interruption, ne sera pas interpr\u00e9t\u00e9 comme une renonciation \u00e0 ces dispositions et n&rsquo;affectera pas la validit\u00e9 des pr\u00e9sentes conditions g\u00e9n\u00e9rales ou de tout accord ou de toute partie de celui-ci, ni le droit ult\u00e9rieur de faire appliquer chacune des dispositions.<\/p><h2>19. Langue<\/h2><p>Les pr\u00e9sentes conditions g\u00e9n\u00e9rales seront interpr\u00e9t\u00e9es et analys\u00e9es exclusivement en anglais. Toutes les notifications et la correspondance seront r\u00e9dig\u00e9es exclusivement dans cette langue. <\/p><h2>20. Accord complet<\/h2><p>Les pr\u00e9sentes conditions g\u00e9n\u00e9rales constituent l&rsquo;accord complet entre vous et Zambra los Amayas SL en ce qui concerne votre utilisation de ce site web.<\/p><h2>21. Mise \u00e0 jour des pr\u00e9sentes conditions g\u00e9n\u00e9rales<\/h2><p>Nous pouvons mettre \u00e0 jour les pr\u00e9sentes conditions g\u00e9n\u00e9rales de temps \u00e0 autre. La date indiqu\u00e9e au d\u00e9but des pr\u00e9sentes conditions g\u00e9n\u00e9rales est la date de la derni\u00e8re r\u00e9vision. Nous vous informerons par \u00e9crit de tout changement ou mise \u00e0 jour, et les conditions g\u00e9n\u00e9rales r\u00e9vis\u00e9es entreront en vigueur \u00e0 partir de la date \u00e0 laquelle nous vous enverrons cette notification. L&rsquo;utilisation continue de ce site web apr\u00e8s la publication de changements ou de mises \u00e0 jour sera consid\u00e9r\u00e9e comme un avis de votre acceptation de respecter et d&rsquo;\u00eatre li\u00e9 par les pr\u00e9sentes conditions g\u00e9n\u00e9rales. Pour demander une version ant\u00e9rieure des pr\u00e9sentes conditions g\u00e9n\u00e9rales, veuillez nous contacter.    <\/p><h2>22. Choix de la loi et juridiction<\/h2><p>Les pr\u00e9sentes conditions g\u00e9n\u00e9rales sont r\u00e9gies par les lois de l&rsquo;Espagne. Tout litige li\u00e9 aux pr\u00e9sentes conditions g\u00e9n\u00e9rales sera soumis \u00e0 la juridiction des tribunaux de l&rsquo;Espagne. Si un tribunal ou une autre autorit\u00e9 consid\u00e8re qu&rsquo;une partie ou une disposition des pr\u00e9sentes conditions g\u00e9n\u00e9rales est invalide et\/ou inapplicable en vertu de la l\u00e9gislation en vigueur, cette partie ou disposition sera modifi\u00e9e, supprim\u00e9e et\/ou appliqu\u00e9e dans la mesure maximale permise pour donner effet \u00e0 l&rsquo;intention des pr\u00e9sentes conditions g\u00e9n\u00e9rales. Les autres dispositions ne seront pas affect\u00e9es.   <\/p><h2>23. Informations de contact<\/h2><p>Ce site web est la propri\u00e9t\u00e9 de et est g\u00e9r\u00e9 par Zambra los Amayas SL.<\/p><p>Vous pouvez nous contacter au sujet de ces conditions g\u00e9n\u00e9rales en nous \u00e9crivant ou en nous envoyant un courrier \u00e9lectronique \u00e0 l&rsquo;adresse suivante&nbsp;: info@cuevalosamayas.com<br><img decoding=\"async\" class=\"emoji\" role=\"img\" draggable=\"false\" src=\"https:\/\/s.w.org\/images\/core\/emoji\/16.0.1\/svg\/1f4cd.svg\" alt=\"\ud83d\udccd\">Camino del Sacromonte 57, 18010 GRANADA<\/p><h2>24. T\u00e9l\u00e9charger<\/h2><p>Vous pouvez \u00e9galement <a href=\"https:\/\/cuevalosamayas.com\/wp-content\/plugins\/complianz-terms-conditions\/download.php\">t\u00e9l\u00e9charger<\/a> nos conditions g\u00e9n\u00e9rales au format PDF.<\/p>\t\t\t\t\t\t\t\t<\/div>\n\t\t\t\t<\/div>\n\t\t\t\t<\/div>\n\t\t\t\t<\/div>\n\t\t","protected":false},"excerpt":{"rendered":"<p>Termes et conditions Les conditions g\u00e9n\u00e9rales ont \u00e9t\u00e9 mises \u00e0 jour pour la derni\u00e8re fois le 4 ao\u00fbt 2025 1. Introduction Les pr\u00e9sentes conditions g\u00e9n\u00e9rales s&rsquo;appliquent \u00e0 ce site web et aux transactions li\u00e9es \u00e0 nos produits et services. Vous pouvez \u00eatre li\u00e9 par des contrats suppl\u00e9mentaires relatifs \u00e0 votre relation avec nous ou \u00e0 [&hellip;]<\/p>\n","protected":false},"author":1,"featured_media":0,"parent":0,"menu_order":0,"comment_status":"closed","ping_status":"closed","template":"","meta":{"footnotes":""},"class_list":["post-4566","page","type-page","status-publish","hentry"],"_links":{"self":[{"href":"https:\/\/cuevalosamayas.com\/fr\/wp-json\/wp\/v2\/pages\/4566","targetHints":{"allow":["GET"]}}],"collection":[{"href":"https:\/\/cuevalosamayas.com\/fr\/wp-json\/wp\/v2\/pages"}],"about":[{"href":"https:\/\/cuevalosamayas.com\/fr\/wp-json\/wp\/v2\/types\/page"}],"author":[{"embeddable":true,"href":"https:\/\/cuevalosamayas.com\/fr\/wp-json\/wp\/v2\/users\/1"}],"replies":[{"embeddable":true,"href":"https:\/\/cuevalosamayas.com\/fr\/wp-json\/wp\/v2\/comments?post=4566"}],"version-history":[{"count":1,"href":"https:\/\/cuevalosamayas.com\/fr\/wp-json\/wp\/v2\/pages\/4566\/revisions"}],"predecessor-version":[{"id":4567,"href":"https:\/\/cuevalosamayas.com\/fr\/wp-json\/wp\/v2\/pages\/4566\/revisions\/4567"}],"wp:attachment":[{"href":"https:\/\/cuevalosamayas.com\/fr\/wp-json\/wp\/v2\/media?parent=4566"}],"curies":[{"name":"wp","href":"https:\/\/api.w.org\/{rel}","templated":true}]}}