{"id":4620,"date":"2025-07-23T10:39:59","date_gmt":"2025-07-23T08:39:59","guid":{"rendered":"https:\/\/cuevalosamayas.com\/mentions-legales"},"modified":"2025-08-15T11:54:39","modified_gmt":"2025-08-15T09:54:39","slug":"mentions-legales","status":"publish","type":"page","link":"https:\/\/cuevalosamayas.com\/fr\/mentions-legales","title":{"rendered":"Mentions l\u00e9gales"},"content":{"rendered":"\t\t<div data-elementor-type=\"wp-page\" data-elementor-id=\"4620\" class=\"elementor elementor-4620 elementor-1643\" data-elementor-post-type=\"page\">\n\t\t\t\t<div class=\"elementor-element elementor-element-0db659b e-con-full e-flex e-con e-parent\" data-id=\"0db659b\" data-element_type=\"container\" data-e-type=\"container\">\n\t\t\t\t<div class=\"elementor-element elementor-element-7cc6797 elementor-widget elementor-widget-heading\" data-id=\"7cc6797\" data-element_type=\"widget\" data-e-type=\"widget\" data-widget_type=\"heading.default\">\n\t\t\t\t<div class=\"elementor-widget-container\">\n\t\t\t\t\t<h1 class=\"elementor-heading-title elementor-size-default\">Mentions l\u00e9gales<\/h1>\t\t\t\t<\/div>\n\t\t\t\t<\/div>\n\t\t\t\t<div class=\"elementor-element elementor-element-367ad52 elementor-widget elementor-widget-text-editor\" data-id=\"367ad52\" data-element_type=\"widget\" data-e-type=\"widget\" data-widget_type=\"text-editor.default\">\n\t\t\t\t<div class=\"elementor-widget-container\">\n\t\t\t\t\t\t\t\t\t<h2>1. Donn\u00e9es d&rsquo;identification<\/h2><p>Conform\u00e9ment aux dispositions de la loi 34\/2002 du 11 juillet sur les services de la soci\u00e9t\u00e9 de l&rsquo;information et le commerce \u00e9lectronique (LSSI-CE), il est port\u00e9 \u00e0 votre connaissance que le pr\u00e9sent site web est la propri\u00e9t\u00e9 de <strong>Zambra los Amayas S.L.<\/strong>, dont le <strong>N.I.F. est B93584043<\/strong> et le si\u00e8ge social est situ\u00e9 <strong>Carretera de Murcia s\/n, Mirador de San Crist\u00f3bal (Albaic\u00edn), 18010 Granada<\/strong>.<\/p><p>L&rsquo;acc\u00e8s \u00e0 ce site web et son utilisation sont gratuits, et attribuent la condition d&rsquo;utilisateur \u00e0 toute personne qui y navigue, s&rsquo;engageant \u00e0 respecter les dispositions du pr\u00e9sent avis juridique et de la r\u00e9glementation en vigueur.<\/p><h2>2. Propri\u00e9t\u00e9 intellectuelle et industrielle<\/h2><p>Tous les contenus du site web (textes, images, dessins, logos, code source, structure, etc.) sont la propri\u00e9t\u00e9 exclusive de <strong>Zambra los Amayas S.L.<\/strong>, ou bien dispose d&rsquo;une licence ou d&rsquo;une autorisation expresse pour son utilisation. Ils sont prot\u00e9g\u00e9s par la l\u00e9gislation sur la propri\u00e9t\u00e9 intellectuelle et industrielle. <\/p><p>La reproduction totale ou partielle, la distribution, la communication publique ou toute autre forme d&rsquo;utilisation des contenus sans l&rsquo;autorisation pr\u00e9alable et \u00e9crite de Zambra los Amayas S.L. sont express\u00e9ment interdites.<\/p><p>L&rsquo;utilisation de liens vers le site web est autoris\u00e9e, \u00e0 condition qu&rsquo;il ne soit pas fait un usage abusif de son image, de sa marque ou de ses contenus, ni qu&rsquo;il soit port\u00e9 atteinte aux droits du titulaire.<\/p><h2>3. Exon\u00e9ration de responsabilit\u00e9<\/h2><p>Zambra los Amayas S.L. ne saurait \u00eatre tenue responsable des contenus introduits par des tiers ni des erreurs ou omissions dans les contenus du site web, ni des dommages qui pourraient d\u00e9couler de l&rsquo;utilisation des informations contenues.<\/p><h2>4. Utilisation de cookies<\/h2><p>Ce site web peut utiliser des cookies techniques pour faciliter la navigation et garantir le bon fonctionnement du site. En aucun cas, des cookies ne sont utilis\u00e9s \u00e0 des fins publicitaires sans le consentement de l&rsquo;utilisateur. L&rsquo;utilisateur peut configurer son navigateur pour g\u00e9rer ou bloquer les cookies.  <\/p><h2>5. Liens vers des tiers<\/h2><p>Ce site web peut inclure des liens vers des pages externes. Zambra los Amayas S.L. ne saurait \u00eatre tenue responsable du contenu ni du fonctionnement desdits sites de tiers. En cas de d\u00e9tection de contenus inappropri\u00e9s, il sera proc\u00e9d\u00e9 \u00e0 leur retrait imm\u00e9diat et, le cas \u00e9ch\u00e9ant, \u00e0 leur notification aux autorit\u00e9s comp\u00e9tentes.  <\/p><h2>6. Adresses IP<\/h2><p>Les serveurs du site web peuvent d\u00e9tecter automatiquement l&rsquo;adresse IP utilis\u00e9e par l&rsquo;utilisateur \u00e0 des fins statistiques, telles que le nombre de visites ou l&rsquo;ordre d&rsquo;acc\u00e8s aux pages.<\/p><h2>7. L\u00e9gislation applicable et juridiction<\/h2><p>Le pr\u00e9sent avis juridique est r\u00e9gi par la l\u00e9gislation espagnole. Pour la r\u00e9solution de toute controverse qui pourrait survenir en relation avec l&rsquo;acc\u00e8s ou l&rsquo;utilisation du site web, les deux parties se soumettent aux tribunaux de Grenade, renon\u00e7ant express\u00e9ment \u00e0 toute autre juridiction qui pourrait leur correspondre. <\/p>\t\t\t\t\t\t\t\t<\/div>\n\t\t\t\t<\/div>\n\t\t\t\t<\/div>\n\t\t\t\t<\/div>\n\t\t","protected":false},"excerpt":{"rendered":"<p>Mentions l\u00e9gales 1. Donn\u00e9es d&rsquo;identification Conform\u00e9ment aux dispositions de la loi 34\/2002 du 11 juillet sur les services de la soci\u00e9t\u00e9 de l&rsquo;information et le commerce \u00e9lectronique (LSSI-CE), il est port\u00e9 \u00e0 votre connaissance que le pr\u00e9sent site web est la propri\u00e9t\u00e9 de Zambra los Amayas S.L., dont le N.I.F. est B93584043 et le si\u00e8ge [&hellip;]<\/p>\n","protected":false},"author":1,"featured_media":0,"parent":0,"menu_order":0,"comment_status":"closed","ping_status":"closed","template":"","meta":{"footnotes":""},"class_list":["post-4620","page","type-page","status-publish","hentry"],"_links":{"self":[{"href":"https:\/\/cuevalosamayas.com\/fr\/wp-json\/wp\/v2\/pages\/4620","targetHints":{"allow":["GET"]}}],"collection":[{"href":"https:\/\/cuevalosamayas.com\/fr\/wp-json\/wp\/v2\/pages"}],"about":[{"href":"https:\/\/cuevalosamayas.com\/fr\/wp-json\/wp\/v2\/types\/page"}],"author":[{"embeddable":true,"href":"https:\/\/cuevalosamayas.com\/fr\/wp-json\/wp\/v2\/users\/1"}],"replies":[{"embeddable":true,"href":"https:\/\/cuevalosamayas.com\/fr\/wp-json\/wp\/v2\/comments?post=4620"}],"version-history":[{"count":1,"href":"https:\/\/cuevalosamayas.com\/fr\/wp-json\/wp\/v2\/pages\/4620\/revisions"}],"predecessor-version":[{"id":4621,"href":"https:\/\/cuevalosamayas.com\/fr\/wp-json\/wp\/v2\/pages\/4620\/revisions\/4621"}],"wp:attachment":[{"href":"https:\/\/cuevalosamayas.com\/fr\/wp-json\/wp\/v2\/media?parent=4620"}],"curies":[{"name":"wp","href":"https:\/\/api.w.org\/{rel}","templated":true}]}}