{"id":86,"date":"2024-02-07T17:47:34","date_gmt":"2024-02-07T16:47:34","guid":{"rendered":"https:\/\/cuevalosamayas.com\/ou-nous-sommes\/"},"modified":"2025-08-13T19:45:14","modified_gmt":"2025-08-13T17:45:14","slug":"ou-nous-sommes","status":"publish","type":"page","link":"https:\/\/cuevalosamayas.com\/fr\/ou-nous-sommes","title":{"rendered":"O\u00f9 nous en sommes"},"content":{"rendered":"\t\t<div data-elementor-type=\"wp-page\" data-elementor-id=\"86\" class=\"elementor elementor-86 elementor-27\" data-elementor-post-type=\"page\">\n\t\t\t\t<div class=\"elementor-element elementor-element-a4938e7 e-con-full e-flex e-con e-parent\" data-id=\"a4938e7\" data-element_type=\"container\" data-e-type=\"container\">\n\t\t<div class=\"elementor-element elementor-element-925bb1a e-con-full e-flex e-con e-child\" data-id=\"925bb1a\" data-element_type=\"container\" data-e-type=\"container\">\n\t\t<div class=\"elementor-element elementor-element-391f4e1 e-con-full e-flex e-con e-child\" data-id=\"391f4e1\" data-element_type=\"container\" data-e-type=\"container\">\n\t\t\t\t<div class=\"elementor-element elementor-element-38c0b92 elementor-widget__width-inherit elementor-widget elementor-widget-cta\" data-id=\"38c0b92\" data-element_type=\"widget\" data-e-type=\"widget\" data-settings=\"{&quot;layout_preset&quot;:&quot;focus&quot;,&quot;cta_vertical_position&quot;:&quot;start&quot;,&quot;primary_button_shape&quot;:&quot;default&quot;,&quot;box_shape&quot;:&quot;sharp&quot;}\" data-widget_type=\"cta.default\">\n\t\t\t\t<div class=\"elementor-widget-container\">\n\t\t\t\t\t\t\t<div class=\"has-shape-sharp shape-type-box ehp-cta has-preset-focus\">\n\t\t\t<div class=\"ehp-cta__overlay\"><\/div>\n\t\t\t<div class=\"ehp-cta__elements-container\">\n\t\t\t\t\t\t<div class=\"ehp-cta__text-container\">\n\t\t\t<h1 class=\"ehp-cta__heading\">Comment arriver \u00e0 notre cueva flamenca<\/h1>\t\t<\/div>\n\t\t\t\t\t<div class=\"ehp-cta__ctas-container\">\n\t\t\t\t<div class=\"ehp-cta__buttons-wrapper\">\n\t\t\t\t\t\t\t<a class=\"has-shape-default shape-type-button ehp-button ehp-button--primary ehp-cta__button ehp-cta__button--primary is-type-button\" href=\"https:\/\/www.google.com\/maps\/dir\/\/Cueva+flamenca+Los+Amayas,+Cam.+del+Sacromonte,+57,+Albaic%C3%ADn,+18010+Granada\/@37.1812275,-3.5857329,962m\/data=!3m1!1e3!4m17!1m7!3m6!1s0xd71fd4d6d547cbf:0x465615bf0bc08269!2sCueva+flamenca+Los+Amayas!8m2!3d37.1812275!4d-3.5857329!16s%2Fg%2F11vqn25n72!4m8!1m0!1m5!1m1!1s0xd71fd4d6d547cbf:0x465615bf0bc08269!2m2!1d-3.5857329!2d37.1812275!3e2?entry=ttu&#038;g_ep=EgoyMDI1MDcyMC4wIKXMDSoASAFQAw%3D%3D\" target=\"_blank\" rel=\"nofollow noopener\" title=\"Como llegar desde Google Maps\">\n\t\t\t<svg aria-hidden=\"true\" class=\"ehp-button__icon e-font-icon-svg e-fas-arrow-right\" 0=\"ehp-cta__button-icon\" viewBox=\"0 0 448 512\" xmlns=\"http:\/\/www.w3.org\/2000\/svg\"><path d=\"M190.5 66.9l22.2-22.2c9.4-9.4 24.6-9.4 33.9 0L441 239c9.4 9.4 9.4 24.6 0 33.9L246.6 467.3c-9.4 9.4-24.6 9.4-33.9 0l-22.2-22.2c-9.5-9.5-9.3-25 .4-34.3L311.4 296H24c-13.3 0-24-10.7-24-24v-32c0-13.3 10.7-24 24-24h287.4L190.9 101.2c-9.8-9.3-10-24.8-.4-34.3z\"><\/path><\/svg>\t\t<span class=\"ehp-button__text ehp-cta__button-text ehp-cta__button-text--primary\">\n\t\t\tVoir sur Google Maps\t\t\t\t<\/a>\n\t\t\t\t\t\t\t\t\t\t\t<\/div>\n\t\t\t<\/div>\n\t\t\t\t\t<\/div>\n\t\t<\/div>\n\t\t\t\t\t\t<\/div>\n\t\t\t\t<\/div>\n\t\t\t\t<div class=\"elementor-element elementor-element-3ec7b6e elementor-widget-divider--view-line elementor-widget elementor-widget-divider\" data-id=\"3ec7b6e\" data-element_type=\"widget\" data-e-type=\"widget\" data-widget_type=\"divider.default\">\n\t\t\t\t<div class=\"elementor-widget-container\">\n\t\t\t\t\t\t\t<div class=\"elementor-divider\">\n\t\t\t<span class=\"elementor-divider-separator\">\n\t\t\t\t\t\t<\/span>\n\t\t<\/div>\n\t\t\t\t\t\t<\/div>\n\t\t\t\t<\/div>\n\t\t\t\t<div class=\"elementor-element elementor-element-4230dc7 elementor-widget elementor-widget-text-editor\" data-id=\"4230dc7\" data-element_type=\"widget\" data-e-type=\"widget\" data-widget_type=\"text-editor.default\">\n\t\t\t\t<div class=\"elementor-widget-container\">\n\t\t\t\t\t\t\t\t\t<p>Situ\u00e9e dans le quartier mythique du Sacromonte, notre cueva flamenca est le c\u0153ur palpitant d&rsquo;une tradition ancestrale qui est l&rsquo;\u00e2me de Grenade depuis des si\u00e8cles. Ce quartier, c\u00e9l\u00e8bre pour ses cuevas blanches qui se dressent sur les collines, face \u00e0 la majestueuse Alhambra, est un symbole de la culture gitane et de l&rsquo;art flamenco. Ici, chaque recoin raconte une histoire, chaque ruelle r\u00e9sonne de l&rsquo;\u00e9cho des palmas et des talons, invitant les habitants et les voyageurs \u00e0 se plonger dans une ambiance o\u00f9 l&rsquo;histoire et la passion s&rsquo;entrelacent. Dans notre espace, nous n&rsquo;offrons pas seulement des spectacles ; nous offrons une exp\u00e9rience authentique qui capture l&rsquo;essence vibrante du Sacromonte, rendant chaque visite inoubliable.   <\/p>\t\t\t\t\t\t\t\t<\/div>\n\t\t\t\t<\/div>\n\t\t\t\t<div class=\"elementor-element elementor-element-63bbadd elementor-widget elementor-widget-heading\" data-id=\"63bbadd\" data-element_type=\"widget\" data-e-type=\"widget\" data-widget_type=\"heading.default\">\n\t\t\t\t<div class=\"elementor-widget-container\">\n\t\t\t\t\t<p class=\"elementor-heading-title elementor-size-default\">Depuis la Plaza Nueva<\/p>\t\t\t\t<\/div>\n\t\t\t\t<\/div>\n\t\t\t\t<div class=\"elementor-element elementor-element-6638762 elementor-widget elementor-widget-text-editor\" data-id=\"6638762\" data-element_type=\"widget\" data-e-type=\"widget\" data-widget_type=\"text-editor.default\">\n\t\t\t\t<div class=\"elementor-widget-container\">\n\t\t\t\t\t\t\t\t\t<p>L&rsquo;acc\u00e8s \u00e0 la Cueva Flamenca Los Amayas se fait principalement \u00e0 pied, en taxi ou en transport en commun, car une grande partie du quartier est soumise \u00e0 des restrictions de circulation pour les v\u00e9hicules priv\u00e9s.<\/p>\t\t\t\t\t\t\t\t<\/div>\n\t\t\t\t<\/div>\n\t\t\t\t<div class=\"elementor-element elementor-element-fe74e78 elementor-widget elementor-widget-text-editor\" data-id=\"fe74e78\" data-element_type=\"widget\" data-e-type=\"widget\" data-widget_type=\"text-editor.default\">\n\t\t\t\t<div class=\"elementor-widget-container\">\n\t\t\t\t\t\t\t\t\t<p><strong>\u00c0 pied<\/strong> : 20 minutes (1,2 km)<\/p><ul><li>Depuis la Plaza Nueva, suivez la Carrera del Darro.<\/li><li>Continuez sur le Paseo de los Tristes jusqu&rsquo;au bout.<\/li><li>Montez la Cuesta del Chapiz et prenez le d\u00e9tour vers le Camino del Sacromonte.<\/li><li>Marchez environ 10 minutes jusqu&rsquo;au num\u00e9ro 57, o\u00f9 se trouve la Cueva Flamenca Los Amayas.<\/li><\/ul>\t\t\t\t\t\t\t\t<\/div>\n\t\t\t\t<\/div>\n\t\t\t\t<div class=\"elementor-element elementor-element-f2580e8 elementor-widget elementor-widget-text-editor\" data-id=\"f2580e8\" data-element_type=\"widget\" data-e-type=\"widget\" data-widget_type=\"text-editor.default\">\n\t\t\t\t<div class=\"elementor-widget-container\">\n\t\t\t\t\t\t\t\t\t<p><strong>En bus<\/strong> :<\/p><ul><li>Ligne C34 (Plaza Nueva \u2013 Sacromonte) \u2192 arr\u00eat Cno. del Sacromonte 39 \/ Cno. del Sacromonte 89 \/ Cno. del Sacromonte 1 \u2013 Peso de la Harina   <\/li><li>Ligne C31 (Plaza Nueva \u2013 Albaic\u00edn) \u2192 arr\u00eat Cno. del Sacromonte 1 \u2013 Peso de la Harina <\/li><li>Ligne C32 (Alhambra \u2013 Albaic\u00edn \u2013 Sacromonte) \u2192 arr\u00eat Cno. del Sacromonte 1 \u2013 Peso de la Harina <\/li><\/ul>\t\t\t\t\t\t\t\t<\/div>\n\t\t\t\t<\/div>\n\t\t\t\t<div class=\"elementor-element elementor-element-810809e elementor-widget__width-initial elementor-widget elementor-widget-google_maps\" data-id=\"810809e\" data-element_type=\"widget\" data-e-type=\"widget\" data-widget_type=\"google_maps.default\">\n\t\t\t\t<div class=\"elementor-widget-container\">\n\t\t\t\t\t\t\t<div class=\"elementor-custom-embed\">\n\t\t\t<iframe loading=\"lazy\"\n\t\t\t\t\tsrc=\"https:\/\/maps.google.com\/maps?q=cueva%20los%20amayas&#038;t=m&#038;z=15&#038;output=embed&#038;iwloc=near\"\n\t\t\t\t\ttitle=\"cueva los amayas\"\n\t\t\t\t\taria-label=\"cueva los amayas\"\n\t\t\t><\/iframe>\n\t\t<\/div>\n\t\t\t\t\t\t<\/div>\n\t\t\t\t<\/div>\n\t\t\t\t<\/div>\n\t\t\t\t<\/div>\n\t\t<div class=\"elementor-element elementor-element-5ee7864 e-con-full e-flex e-con e-child\" data-id=\"5ee7864\" data-element_type=\"container\" data-e-type=\"container\">\n\t\t\t\t<div class=\"elementor-element elementor-element-c286ff4 elementor-widget elementor-widget-heading\" data-id=\"c286ff4\" data-element_type=\"widget\" data-e-type=\"widget\" data-widget_type=\"heading.default\">\n\t\t\t\t<div class=\"elementor-widget-container\">\n\t\t\t\t\t<p class=\"elementor-heading-title elementor-size-default\">Cueva flamenca Los Amayas\n<\/p>\t\t\t\t<\/div>\n\t\t\t\t<\/div>\n\t\t\t\t<div class=\"elementor-element elementor-element-a88b15f elementor-widget-divider--view-line elementor-widget elementor-widget-divider\" data-id=\"a88b15f\" data-element_type=\"widget\" data-e-type=\"widget\" data-widget_type=\"divider.default\">\n\t\t\t\t<div class=\"elementor-widget-container\">\n\t\t\t\t\t\t\t<div class=\"elementor-divider\">\n\t\t\t<span class=\"elementor-divider-separator\">\n\t\t\t\t\t\t<\/span>\n\t\t<\/div>\n\t\t\t\t\t\t<\/div>\n\t\t\t\t<\/div>\n\t\t\t\t<div class=\"elementor-element elementor-element-eebba66 elementor-widget elementor-widget-text-editor\" data-id=\"eebba66\" data-element_type=\"widget\" data-e-type=\"widget\" data-widget_type=\"text-editor.default\">\n\t\t\t\t<div class=\"elementor-widget-container\">\n\t\t\t\t\t\t\t\t\t<p>Cam. del Sacromonte, 57, Albaic\u00edn, 18010 Grenade <\/p><p>Num\u00e9ro de t\u00e9l\u00e9phone : <a title=\"T\u00e9l\u00e9phone de contact\" href=\"tel:626%2075%2091%2029\"><strong><span style=\"text-decoration: underline;\">626 75 91 29<\/span><\/strong><\/a><\/p><p>Adresse \u00e9lectronique : <span style=\"text-decoration: underline;\"><strong><a title=\"Courriel de contact\" href=\"mailto:info@cuevadelosamayas.com\">info@cuevadelosamayas.com<\/a><\/strong><\/span><\/p>\t\t\t\t\t\t\t\t<\/div>\n\t\t\t\t<\/div>\n\t\t\t\t<div class=\"elementor-element elementor-element-482fec6 elementor-widget elementor-widget-image\" data-id=\"482fec6\" data-element_type=\"widget\" data-e-type=\"widget\" data-widget_type=\"image.default\">\n\t\t\t\t<div class=\"elementor-widget-container\">\n\t\t\t\t\t\t\t\t\t\t\t\t<figure class=\"wp-caption\">\n\t\t\t\t\t\t\t\t\t\t<img fetchpriority=\"high\" decoding=\"async\" width=\"683\" height=\"1024\" src=\"https:\/\/cuevalosamayas.com\/wp-content\/uploads\/2025\/07\/Como-llegar-cueva-los-amayas-683x1024.webp\" class=\"attachment-large size-large wp-image-1609\" alt=\"Bailaora en la cueva bailando\" srcset=\"https:\/\/cuevalosamayas.com\/wp-content\/uploads\/2025\/07\/Como-llegar-cueva-los-amayas-683x1024.webp 683w, https:\/\/cuevalosamayas.com\/wp-content\/uploads\/2025\/07\/Como-llegar-cueva-los-amayas-200x300.webp 200w, https:\/\/cuevalosamayas.com\/wp-content\/uploads\/2025\/07\/Como-llegar-cueva-los-amayas-768x1152.webp 768w, https:\/\/cuevalosamayas.com\/wp-content\/uploads\/2025\/07\/Como-llegar-cueva-los-amayas-1024x1536.webp 1024w, https:\/\/cuevalosamayas.com\/wp-content\/uploads\/2025\/07\/Como-llegar-cueva-los-amayas.webp 1200w\" sizes=\"(max-width: 683px) 100vw, 683px\" \/>\t\t\t\t\t\t\t\t\t\t\t<figcaption class=\"widget-image-caption wp-caption-text\"><\/figcaption>\n\t\t\t\t\t\t\t\t\t\t<\/figure>\n\t\t\t\t\t\t\t\t\t<\/div>\n\t\t\t\t<\/div>\n\t\t\t\t<div class=\"elementor-element elementor-element-697feda elementor-widget elementor-widget-gallery\" data-id=\"697feda\" data-element_type=\"widget\" data-e-type=\"widget\" data-settings=\"{&quot;columns&quot;:2,&quot;gap&quot;:{&quot;unit&quot;:&quot;px&quot;,&quot;size&quot;:16,&quot;sizes&quot;:[]},&quot;aspect_ratio&quot;:&quot;4:3&quot;,&quot;lazyload&quot;:&quot;yes&quot;,&quot;gallery_layout&quot;:&quot;grid&quot;,&quot;columns_tablet&quot;:2,&quot;columns_mobile&quot;:1,&quot;gap_widescreen&quot;:{&quot;unit&quot;:&quot;px&quot;,&quot;size&quot;:&quot;&quot;,&quot;sizes&quot;:[]},&quot;gap_laptop&quot;:{&quot;unit&quot;:&quot;px&quot;,&quot;size&quot;:10,&quot;sizes&quot;:[]},&quot;gap_tablet_extra&quot;:{&quot;unit&quot;:&quot;px&quot;,&quot;size&quot;:10,&quot;sizes&quot;:[]},&quot;gap_tablet&quot;:{&quot;unit&quot;:&quot;px&quot;,&quot;size&quot;:10,&quot;sizes&quot;:[]},&quot;gap_mobile_extra&quot;:{&quot;unit&quot;:&quot;px&quot;,&quot;size&quot;:10,&quot;sizes&quot;:[]},&quot;gap_mobile&quot;:{&quot;unit&quot;:&quot;px&quot;,&quot;size&quot;:10,&quot;sizes&quot;:[]},&quot;link_to&quot;:&quot;file&quot;}\" data-widget_type=\"gallery.default\">\n\t\t\t\t<div class=\"elementor-widget-container\">\n\t\t\t\t\t\t\t<div class=\"elementor-gallery__container\">\n\t\t\t\t\t\t\t<a class=\"e-gallery-item elementor-gallery-item\" href=\"https:\/\/cuevalosamayas.com\/wp-content\/uploads\/2025\/07\/cueva-flamenca-granada-21.avif\" data-elementor-open-lightbox=\"yes\" data-elementor-lightbox-slideshow=\"697feda\" data-e-action-hash=\"#elementor-action%3Aaction%3Dlightbox%26settings%3DeyJpZCI6MjI3OCwidXJsIjoiaHR0cHM6XC9cL2N1ZXZhbG9zYW1heWFzLmNvbVwvd3AtY29udGVudFwvdXBsb2Fkc1wvMjAyNVwvMDdcL2N1ZXZhLWZsYW1lbmNhLWdyYW5hZGEtMjEuYXZpZiIsInNsaWRlc2hvdyI6IjY5N2ZlZGEifQ%3D%3D\">\n\t\t\t\t\t<div class=\"e-gallery-image elementor-gallery-item__image\" data-thumbnail=\"https:\/\/cuevalosamayas.com\/wp-content\/uploads\/2025\/07\/cueva-flamenca-granada-21.avif\" data-width=\"1200\" data-height=\"1800\" aria-label=\"bailarina flamenca realizando bailes t\u00edpicos del flamenco\" role=\"img\" ><\/div>\n\t\t\t\t\t\t\t\t\t\t\t\t\t\t<\/a>\n\t\t\t\t\t\t\t<a class=\"e-gallery-item elementor-gallery-item\" href=\"https:\/\/cuevalosamayas.com\/wp-content\/uploads\/2025\/07\/cueva-flamenca-granada-2.avif\" data-elementor-open-lightbox=\"yes\" data-elementor-lightbox-slideshow=\"697feda\" data-e-action-hash=\"#elementor-action%3Aaction%3Dlightbox%26settings%3DeyJpZCI6MjE2NCwidXJsIjoiaHR0cHM6XC9cL2N1ZXZhbG9zYW1heWFzLmNvbVwvd3AtY29udGVudFwvdXBsb2Fkc1wvMjAyNVwvMDdcL2N1ZXZhLWZsYW1lbmNhLWdyYW5hZGEtMi5hdmlmIiwic2xpZGVzaG93IjoiNjk3ZmVkYSJ9\">\n\t\t\t\t\t<div class=\"e-gallery-image elementor-gallery-item__image\" data-thumbnail=\"https:\/\/cuevalosamayas.com\/wp-content\/uploads\/2025\/07\/cueva-flamenca-granada-2.avif\" data-width=\"1200\" data-height=\"1800\" aria-label=\"Bailaor flamenco ejecutando un giro dram\u00e1tico frente a turistas sentados en bancos de madera.\" role=\"img\" ><\/div>\n\t\t\t\t\t\t\t\t\t\t\t\t\t\t<\/a>\n\t\t\t\t\t<\/div>\n\t\t\t\t\t<\/div>\n\t\t\t\t<\/div>\n\t\t\t\t<\/div>\n\t\t\t\t<\/div>\n\t\t\t\t<\/div>\n\t\t","protected":false},"excerpt":{"rendered":"<p>Comment arriver \u00e0 notre cueva flamenca Voir sur Google Maps Situ\u00e9e dans le quartier mythique du Sacromonte, notre cueva flamenca est le c\u0153ur palpitant d&rsquo;une tradition ancestrale qui est l&rsquo;\u00e2me de Grenade depuis des si\u00e8cles. Ce quartier, c\u00e9l\u00e8bre pour ses cuevas blanches qui se dressent sur les collines, face \u00e0 la majestueuse Alhambra, est un [&hellip;]<\/p>\n","protected":false},"author":1,"featured_media":0,"parent":0,"menu_order":0,"comment_status":"closed","ping_status":"closed","template":"","meta":{"footnotes":""},"class_list":["post-86","page","type-page","status-publish","hentry"],"_links":{"self":[{"href":"https:\/\/cuevalosamayas.com\/fr\/wp-json\/wp\/v2\/pages\/86","targetHints":{"allow":["GET"]}}],"collection":[{"href":"https:\/\/cuevalosamayas.com\/fr\/wp-json\/wp\/v2\/pages"}],"about":[{"href":"https:\/\/cuevalosamayas.com\/fr\/wp-json\/wp\/v2\/types\/page"}],"author":[{"embeddable":true,"href":"https:\/\/cuevalosamayas.com\/fr\/wp-json\/wp\/v2\/users\/1"}],"replies":[{"embeddable":true,"href":"https:\/\/cuevalosamayas.com\/fr\/wp-json\/wp\/v2\/comments?post=86"}],"version-history":[{"count":8,"href":"https:\/\/cuevalosamayas.com\/fr\/wp-json\/wp\/v2\/pages\/86\/revisions"}],"predecessor-version":[{"id":4338,"href":"https:\/\/cuevalosamayas.com\/fr\/wp-json\/wp\/v2\/pages\/86\/revisions\/4338"}],"wp:attachment":[{"href":"https:\/\/cuevalosamayas.com\/fr\/wp-json\/wp\/v2\/media?parent=86"}],"curies":[{"name":"wp","href":"https:\/\/api.w.org\/{rel}","templated":true}]}}